{"id":21,"date":"2014-04-15T13:51:03","date_gmt":"2014-04-15T13:51:03","guid":{"rendered":"http:\/\/rubato.cz\/?page_id=21"},"modified":"2026-01-12T15:05:31","modified_gmt":"2026-01-12T15:05:31","slug":"stranky-jsou-ve-vyrobe","status":"publish","type":"page","link":"http:\/\/rubato.cz\/","title":{"rendered":"Knihy"},"content":{"rendered":"<div title=\"Page 156\">\n<div title=\"Page 156\">\n<div style=\"text-align: center;\" title=\"Page 156\">\n<hr \/>\n<p><span style=\"line-height: 1.5em;\">Vydali jsme<\/span><\/p>\n<\/div>\n<\/div>\n<div title=\"Page 156\">\n<hr \/>\n<\/div>\n<div title=\"Page 156\">rubato \/ pr\u00f3za<\/div>\n<div title=\"Page 156\">\n<div title=\"Page 156\"><a href=\"http:\/\/rubato.cz\/?p=1316\">Roberto Arlt \u2014\u00a0Sedm bl\u00e1zn\u016f<\/a><\/div>\n<div title=\"Page 156\"><a href=\"http:\/\/rubato.cz\/?p=2669\">Kjell Askildsen \u2014 Otev\u0159en\u00e1 pust\u00e1 krajina<\/a><\/div>\n<div title=\"Page 156\"><a href=\"http:\/\/rubato.cz\/?p=1500\">Hugo Ball \u2014 Flametti aneb O dandysmu chud\u00fdch<\/a><\/div>\n<div title=\"Page 156\"><a href=\"http:\/\/rubato.cz\/?p=1494\">Hugo Ball \u2014 Tenderenda fantasta<\/a><\/div>\n<div title=\"Page 156\"><a href=\"http:\/\/rubato.cz\/?p=1507\">Hugo Ball \u2014 \u00dat\u011bk z doby<\/a><\/div>\n<div title=\"Page 156\"><a href=\"http:\/\/rubato.cz\/?p=1688\">Antonio di Benedetto \u2014\u00a0Sebevrazi<\/a><\/div>\n<div title=\"Page 156\"><a href=\"http:\/\/rubato.cz\/?p=1304\">Antonio di Benedetto \u2014 Ti\u0161itel<\/a><\/div>\n<div title=\"Page 156\"><a title=\"Antonio Di Benedetto \u2014 Zama\" href=\"http:\/\/rubato.cz\/?p=140\">Antonio di Benedetto \u2014 Zama<\/a><br \/>\n<a title=\"Maurice Blanchot \u2013 Temn\u00fd Tom\u00e1\u0161\" href=\"http:\/\/rubato.cz\/?p=437\">Maurice Blanchot \u2014 Temn\u00fd Tom\u00e1\u0161<\/a><\/div>\n<div title=\"Page 156\"><a title=\"Flann O\u2019Brien \u2014 U pt\u00e1k\u016f plavav\u00fdch\" href=\"http:\/\/rubato.cz\/?p=379\">Flann O&#8217;Brien \u2014 U pt\u00e1k\u016f plavav\u00fdch<\/a><\/div>\n<div title=\"Page 156\"><a href=\"http:\/\/rubato.cz\/?p=2309\">Mary Butts \u2014 Vyzbrojeni \u0161\u00edlenstv\u00edm<\/a><\/div>\n<div title=\"Page 156\">\n<div title=\"Page 156\"><a href=\"http:\/\/rubato.cz\/?p=2295\">Hugo Claus \u2014 Smutek Belgie<\/a><\/div>\n<\/div>\n<div title=\"Page 156\"><a title=\"Jean Cocteau \u2014 Opium\" href=\"http:\/\/rubato.cz\/?p=103\">Jean Cocteau \u2014 Opium<\/a><\/div>\n<div title=\"Page 156\"><a href=\"http:\/\/rubato.cz\/?p=1795\">Albert Cossery \u2014 Ambice v pou\u0161ti<\/a><\/div>\n<div title=\"Page 156\"><a title=\"Albert Cossery \u2013 Bohem zapomenut\u00ed lid\u00e9\" href=\"http:\/\/rubato.cz\/?p=442\">Albert Cossery \u2014 Bohem zapomenut\u00ed lid\u00e9<\/a><\/div>\n<div title=\"Page 156\"><a href=\"http:\/\/rubato.cz\/?p=1370\">Albert Cossery \u2014 Hrd\u00ed \u017eebr\u00e1ci<\/a><\/div>\n<div title=\"Page 156\">\n<div title=\"Page 156\"><a href=\"http:\/\/rubato.cz\/?p=2169\">Ren\u00e9 Crevel \u2014 Moje t\u011blo a j\u00e1<\/a><\/div>\n<div title=\"Page 156\"><a href=\"http:\/\/rubato.cz\/?p=1955\">Francisco Delicado \u2014 Portr\u00e9t p\u011bkn\u00e9 Andalusanky<\/a><\/div>\n<div title=\"Page 156\"><a href=\"http:\/\/rubato.cz\/?p=2130\">Rikki Ducornet \u2014 V\u011bj\u00ed\u0159e mark\u00fdze de Sade<\/a><\/div>\n<\/div>\n<div title=\"Page 156\"><a href=\"http:\/\/rubato.cz\/?p=1941\">Juan Filloy \u2014 Op Oloop<\/a><\/div>\n<div title=\"Page 156\">\n<div title=\"Page 156\"><a href=\"http:\/\/rubato.cz\/?p=1643\">Liliane Giraudon \u2014 Srst\u00ed<\/a><\/div>\n<div title=\"Page 156\"><a href=\"http:\/\/rubato.cz\/?p=1865\">Juan Goytisolo \u2014 S\u00e1ga rodu Marx\u016f<\/a><\/div>\n<div title=\"Page 156\"><a title=\"Peter Handke \u2014 \u00dazkost brank\u00e1\u0159e p\u0159i penalt\u011b\" href=\"http:\/\/rubato.cz\/?p=132\">Peter Handke \u2014 \u00dazkost brank\u00e1\u0159e p\u0159i penalt\u011b<\/a><\/div>\n<\/div>\n<\/div>\n<\/div>\n<div title=\"Page 156\">\n<div title=\"Page 156\"><a title=\"Peter Handke \u2014 Velk\u00fd p\u00e1d\" href=\"http:\/\/rubato.cz\/?p=134\">Peter Handke \u2014 Velk\u00fd p\u00e1d<\/a><\/div>\n<div title=\"Page 156\"><a href=\"http:\/\/rubato.cz\/?p=2404\">Emmy Hennings \u2014 Cejch<\/a><\/div>\n<div title=\"Page 156\"><a href=\"http:\/\/rubato.cz\/?p=2632\">Fritz von Herzmanovsky-Orlando \u2014 Pan D\u011bsik\u016f\u0148 v r\u016f\u017eov\u00e9 pavu\u010din\u011b<\/a><\/div>\n<div title=\"Page 156\"><a href=\"http:\/\/rubato.cz\/?p=2639\">Fritz von Herzmanovsky-Orlando \u2014 Pomo aneb Ve\u010d\u00edrek na Bludn\u00e9m Holan\u010fanu<\/a><\/div>\n<div title=\"Page 156\"><a title=\"Jak vznikla a hospoda\u0159ila TJ Letov\u00e9 sporty Tleska\u010d v Praze\" href=\"http:\/\/rubato.cz\/?p=125\">Jak vznikla a hospoda\u0159ila TJ Letov\u00e9 sporty Tleska\u010d v Praze<\/a><\/div>\n<div title=\"Page 156\">\n<div title=\"Page 156\"><a href=\"http:\/\/rubato.cz\/?p=1519\">Jakub Juh\u00e1s \u2014 Novoro\u010dn\u00fd v\u00fdstup na Jaseninu<\/a><\/div>\n<div title=\"Page 156\"><a href=\"http:\/\/rubato.cz\/?p=2095\">Jakub Juh\u00e1sz \u2014 PS<\/a><\/div>\n<div title=\"Page 156\"><a href=\"http:\/\/rubato.cz\/?p=1817\">Frigyes Karinthy \u2014 Report\u00e1\u017e z onoho sv\u011bta<\/a><\/div>\n<div title=\"Page 156\"><a href=\"http:\/\/rubato.cz\/?p=1265\">\u00c9douard Lev\u00e9 \u2014\u00a0Autoportr\u00e9t<\/a><\/div>\n<\/div>\n<div title=\"Page 156\">\n<div title=\"Page 156\"><a href=\"http:\/\/rubato.cz\/?p=1723\">\u00c9douard Lev\u00e9 \u2014 Den\u00edk<\/a><\/div>\n<div title=\"Page 156\"><a href=\"http:\/\/rubato.cz\/?p=1383\">\u00c9douard Lev\u00e9 \u2014 D\u00edla<\/a><\/div>\n<div title=\"Page 156\"><a href=\"http:\/\/rubato.cz\/?p=1222\">\u00c9douard Lev\u00e9 \u2014\u00a0Sebevra\u017eda<\/a><\/div>\n<div title=\"Page 156\"><a href=\"http:\/\/rubato.cz\/?p=2652\">Osman Lins \u2014 Avalovara<\/a><\/div>\n<div title=\"Page 156\">\n<div title=\"Page 156\"><a title=\"Henri Michaux \u2014 Cesta nepoddajnosti\" href=\"http:\/\/rubato.cz\/?p=121\">Henri Michaux \u2014 Cesta nepoddajnosti<\/a><\/div>\n<div title=\"Page 156\"><a href=\"http:\/\/rubato.cz\/?p=1747\">Henri Michaux \u2014 Ecuador<\/a><\/div>\n<div title=\"Page 156\">\n<div title=\"Page 156\"><a href=\"http:\/\/rubato.cz\/?p=1928\">Oscar Vladislas de Lubicz Milosz \u2014 Milostn\u00e9 zasv\u011bcen\u00ed<\/a><\/div>\n<div title=\"Page 156\"><a href=\"http:\/\/rubato.cz\/?p=2690\">Jukio Mi\u0161ima \u2014 Jarn\u00ed sn\u00edh<\/a><\/div>\n<div title=\"Page 156\"><a href=\"http:\/\/rubato.cz\/?p=2179\">Jukio Mi\u0161ima \u2014 Zlat\u00fd pavilon<\/a><\/div>\n<div title=\"Page 156\"><a href=\"http:\/\/rubato.cz\/?p=1897\">Jukio Mi\u0161ima \u2014 Zpov\u011b\u010f masky<\/a><\/div>\n<div title=\"Page 156\"><a href=\"http:\/\/rubato.cz\/?p=2191\">Milan N\u00e1pravn\u00edk, Karel K\u00f6cher \u2014 People who meet, meet again<\/a><\/div>\n<div title=\"Page 156\"><a href=\"http:\/\/rubato.cz\/?p=2379\"><span class=\"ContentPasted0\"><span class=\"ContentPasted7\">Milan N\u00e1pravn\u00edk <span class=\"ContentPasted1\"><span class=\"ContentPasted2\"><span class=\"ContentPasted3\"><span class=\"ContentPasted4\"><span class=\"ContentPasted5\"><span class=\"ContentPasted6\">\u2014<\/span><\/span><\/span><\/span><\/span><\/span> D\u016fm d\u00fdmu<\/span><\/span><\/a><\/div>\n<div title=\"Page 156\"><a href=\"http:\/\/rubato.cz\/?p=1912\">Anna Maria Ortesov\u00e1 \u2014 \u017dalost\u00edc\u00ed stehl\u00edk<\/a><\/div>\n<\/div>\n<\/div>\n<\/div>\n<\/div>\n<div title=\"Page 156\">\n<div title=\"Page 156\">\n<div title=\"Page 156\"><a href=\"http:\/\/rubato.cz\/?p=1450\">Georges Perec \u2014\u00a0Co je to tam vzadu na dvo\u0159e za kolo s\u00a0chromovan\u00fdmi \u0159\u00edd\u00edtky?<\/a><\/div>\n<div title=\"Page 156\"><a href=\"http:\/\/rubato.cz\/?p=1454\">Georges Perec \u2014\u00a0Mu\u017e, kter\u00fd sp\u00ed<\/a><\/div>\n<div title=\"Page 156\">\n<div title=\"Page 156\"><a href=\"http:\/\/rubato.cz\/?p=1670\">Georges Perec \u2014 V\u011bci<\/a><\/div>\n<div title=\"Page 156\"><a href=\"http:\/\/rubato.cz\/?p=1452\">Georges Perec \u2014\u00a0W aneb Vzpom\u00ednka z\u00a0d\u011btstv\u00ed<\/a><\/div>\n<div title=\"Page 156\"><a href=\"http:\/\/rubato.cz\/?p=1734\">Georges Perec \u2014 \u017divot n\u00e1vod k pou\u017eit\u00ed<\/a><\/div>\n<\/div>\n<\/div>\n<div title=\"Page 156\"><a title=\"Gis\u00e8le Prassinos \u2014 Tv\u00e1\u0159 s lehk\u00fdm z\u00e1chv\u011bvem tr\u00e1pen\u00ed\" href=\"http:\/\/rubato.cz\/?p=142\">Gis\u00e8le Prassinos \u2014 Tv\u00e1\u0159 s lehk\u00fdm z\u00e1chv\u011bvem tr\u00e1pen\u00ed<\/a><\/div>\n<div title=\"Page 156\">\n<div title=\"Page 156\">\n<div title=\"Page 156\">\n<div title=\"Page 156\">\n<div title=\"Page 156\">\n<div title=\"Page 156\"><a href=\"http:\/\/rubato.cz\/?p=2737\">Pascal Quignard \u2014 Tajn\u00fd \u017eivot<\/a><\/div>\n<\/div>\n<\/div>\n<\/div>\n<\/div>\n<div title=\"Page 156\">\n<div title=\"Page 156\"><a title=\"Pascal Quignard \u2014 Terasa v \u0158\u00edm\u011b\" href=\"http:\/\/rubato.cz\/?p=119\">Pascal Quignard \u2014 Terasa v \u0158\u00edm\u011b<\/a><\/div>\n<\/div>\n<\/div>\n<div title=\"Page 156\"><a href=\"http:\/\/rubato.cz\/?p=1659\">Piotr Rawicz \u2014 Krev nebe<\/a><\/div>\n<div title=\"Page 156\"><a href=\"http:\/\/rubato.cz\/?p=2159\">Leonardo Sciascia \u2014 Candido aneb Sen sn\u011bn\u00fd na Sic\u00edlii<\/a><\/div>\n<div title=\"Page 156\"><a title=\"S. d. Ch. \u2014 Sekund\u00e1rn\u00ed trilogie\" href=\"http:\/\/rubato.cz\/?p=1149\">S. d. Ch. \u2014 Sekund\u00e1rn\u00ed trilogie<\/a><\/div>\n<\/div>\n<div title=\"Page 156\"><a href=\"http:\/\/rubato.cz\/?p=2029\">S. d. Ch. \u2014 Skute\u010dn\u00e9 zr\u00e1n\u00ed<\/a><\/div>\n<div title=\"Page 156\"><a href=\"http:\/\/rubato.cz\/?p=2109\">S. d. Ch. \u2014 Studen\u00e1 vlna<\/a><\/div>\n<div title=\"Page 156\"><a href=\"http:\/\/rubato.cz\/?p=2068\">Victor Segalen \u2014 Ren\u00e9 Leys<\/a><\/div>\n<div title=\"Page 156\">\n<div title=\"Page 156\"><a title=\"Jan Smutn\u00fd \u2014 Hmotn\u00fd bod\" href=\"http:\/\/rubato.cz\/?p=136\">Jan Smutn\u00fd \u2014 Hmotn\u00fd bod<\/a><\/div>\n<div title=\"Page 156\"><a href=\"http:\/\/rubato.cz\/?p=2677\">Gon\u00e7alo M. Tavares \u2014 Jeruzal\u00e9m<\/a><\/div>\n<div title=\"Page 156\"><a href=\"http:\/\/rubato.cz\/?p=1412\">Stefan Themerson \u2014 Kardin\u00e1l P\u00f6l\u00e4t\u00fco \/ Gener\u00e1l Piesc aneb p\u0159\u00edpad zapomenut\u00e9 mise<\/a><\/div>\n<div title=\"Page 156\"><a href=\"http:\/\/rubato.cz\/?p=1361\">Stefan Themerson \u2014\u00a0Z\u00e1hada sardinky<\/a><\/div>\n<div title=\"Page 156\">\n<div title=\"Page 156\"><a href=\"http:\/\/rubato.cz\/?p=1802\">Dylan Thomas \u2014 P\u0159\u00edhody p\u0159i shazov\u00e1n\u00ed k\u016f\u017e\u00ed<\/a><\/div>\n<\/div>\n<div title=\"Page 156\"><a href=\"http:\/\/rubato.cz\/?p=1757\">David Foster Wallace \u2014 Kr\u00e1tk\u00e9 rozhovory s odporn\u00fdmi mu\u017ei<\/a><\/div>\n<div title=\"Page 156\"><a href=\"http:\/\/rubato.cz\/?p=2082\">David Foster Wallace \u2014 Zapomn\u011bn\u00ed<\/a><\/div>\n<div title=\"Page 156\"><a href=\"http:\/\/rubato.cz\/?p=1809\">J. Rodolfo Wilcock \u2014 Synagoga ikonoklast\u016f<\/a><\/div>\n<div title=\"Page 156\">\n<hr \/>\n<\/div>\n<div title=\"Page 156\">rubato \/ poezie<\/div>\n<div title=\"Page 156\"><a href=\"http:\/\/rubato.cz\/?p=1245\">Guillaume Apollinaire \u2014 \u00a0Zahn\u00edvaj\u00edc\u00ed \u010darod\u011bj<\/a><\/div>\n<div title=\"Page 156\"><a title=\"Maurice Blanchard \u2013 Koncert samoty\" href=\"http:\/\/rubato.cz\/?p=431\">Maurice Blanchard \u2014\u00a0Koncert samoty<\/a><\/div>\n<div title=\"Page 156\"><a href=\"http:\/\/rubato.cz\/?p=1572\">ond\u0159ej buddeus \u2014 z\u00f3na<\/a><\/div>\n<div title=\"Page 156\"><a href=\"http:\/\/rubato.cz\/?p=1718\">Elsa Aids \u2014 Kniha omezen\u00ed<\/a><\/div>\n<div title=\"Page 156\"><a title=\"Elsa Aids \u2013 Nen\u00e1vist\" href=\"http:\/\/rubato.cz\/?p=869\">Elsa Aids\u00a0\u2014\u00a0Nen\u00e1vist<\/a><\/div>\n<div title=\"Page 156\"><a title=\"Elsa Aids \u2014 Trojjedin\u00fd prst\" href=\"http:\/\/rubato.cz\/?p=123\">Elsa Aids \u2014 Trojjedin\u00fd prst<\/a><\/div>\n<div title=\"Page 156\"><a href=\"http:\/\/rubato.cz\/?p=1824\">Roman Rops-T\u016fma \u2014 Maskirovka<\/a><\/div>\n<div title=\"Page 156\"><a href=\"http:\/\/rubato.cz\/?p=2015\">Gerhard R\u00fchm \u2014 Pr\u016f\u0159ez<\/a><\/div>\n<div title=\"Page 156\"><a href=\"http:\/\/rubato.cz\/?p=2361\"><span class=\"ContentPasted0\"><span class=\"ContentPasted1\"><span class=\"ContentPasted2\"><span class=\"ContentPasted3\"><span class=\"ContentPasted4\"><span class=\"ContentPasted11\">Kurt Schwitters <span class=\"ContentPasted5\"><span class=\"ContentPasted6\">\u2014<\/span><\/span> Anna Poup\u011b<\/span><\/span><\/span><\/span><\/span><\/span><\/a><\/div>\n<div title=\"Page 156\"><a href=\"http:\/\/rubato.cz\/?p=2272\">Lubo\u0161 Svoboda \u2014 R\u00e1d \u010dich\u00e1m ke zv\u00ed\u0159at\u016fm, kter\u00e1 jsi vycpala ty<\/a><\/div>\n<div title=\"Page 156\"><a href=\"http:\/\/rubato.cz\/?p=1338\">wiener gruppe<\/a><\/div>\n<div title=\"Page 156\">\n<div title=\"Page 156\">\n<hr \/>\n<\/div>\n<div title=\"Page 156\">rubato \/ drama<\/div>\n<div title=\"Page 156\"><a href=\"http:\/\/rubato.cz\/?p=2246\">Milan N\u00e1pravn\u00edk \u2014 Rozhlasov\u00e9 hry<\/a><\/div>\n<\/div>\n<div title=\"Page 156\">\n<hr \/>\n<\/div>\n<div title=\"Page 156\">rubato \/ eseje<\/div>\n<div title=\"Page 156\"><a title=\"Ch. Deloire, Ch. Dubois \u2014 Circus politicus\" href=\"http:\/\/rubato.cz\/?p=129\">Ch. Deloire, Ch. Dubois \u2014 Circus politicus<\/a><\/div>\n<div title=\"Page 156\">\n<div title=\"Page 156\"><a title=\"Gillo Dorfles \u2013 M\u00f3da m\u00f3dy\" href=\"http:\/\/rubato.cz\/?p=419\">Gillo Dorfles \u2014 (Nov\u00e1) m\u00f3da m\u00f3dy<\/a><\/div>\n<div title=\"Page 156\"><a title=\"Eric Gill \u2014 Esej o typografii\" href=\"http:\/\/rubato.cz\/?p=146\">Eric Gill\u00a0\u2014 Esej o typografii<\/a><\/div>\n<div title=\"Page 156\"><a title=\"Richard Hollis \u2013 Stru\u010dn\u00e1 historie grafick\u00e9ho designu\" href=\"http:\/\/rubato.cz\/?p=424\">Richard Hollis \u2014 Stru\u010dn\u00e1 historie grafick\u00e9ho designu<\/a><\/div>\n<\/div>\n<div title=\"Page 156\"><a title=\"Bruno Munari \u2013 Um\u011bn\u00ed jako \u0159emeslo\" href=\"http:\/\/rubato.cz\/?p=413\">Bruno Munari \u2014 Um\u011bn\u00ed jako \u0159emeslo<\/a><\/div>\n<div title=\"Page 156\"><a href=\"http:\/\/rubato.cz\/?p=2725\"><span class=\"ContentPasted0\"><span class=\"ContentPasted9\">Milan N\u00e1pravn\u00edk <span class=\"ContentPasted1\"><span class=\"ContentPasted2\"><span class=\"ContentPasted3\"><span class=\"ContentPasted4\"><span class=\"ContentPasted5\"><span class=\"ContentPasted6\">\u2014<\/span><\/span><\/span><\/span><\/span><\/span> Avantgarda a iluze<\/span><\/span><\/a><\/div>\n<div title=\"Page 156\"><a href=\"http:\/\/rubato.cz\/?p=2248\">Milan N\u00e1pravn\u00edk \u2014 Eseje a kritiky<\/a><\/div>\n<div title=\"Page 156\"><a href=\"http:\/\/rubato.cz\/?p=2415\">Milan N\u00e1pravn\u00edk \u2014 Imaginace a tvorba<\/a><\/div>\n<div title=\"Page 156\"><a href=\"http:\/\/rubato.cz\/?p=1783\">Neviditeln\u00fd v\u00fdbor \u2014 Na\u0161im p\u0159\u00e1tel\u016fm<\/a><\/div>\n<div title=\"Page 156\"><a title=\"Neviditeln\u00fd v\u00fdbor \u2014 Vzpoura p\u0159ich\u00e1z\u00ed\" href=\"http:\/\/rubato.cz\/?p=127\">Neviditeln\u00fd v\u00fdbor \u2014 Vzpoura p\u0159ich\u00e1z\u00ed<\/a><\/div>\n<div title=\"Page 156\"><a title=\"Daniel Ravent\u00f3s \u2013 Materi\u00e1ln\u00ed podm\u00ednky svobody\" href=\"http:\/\/rubato.cz\/?p=1138\">Daniel Ravent\u00f3s \u2014 Materi\u00e1ln\u00ed podm\u00ednky svobody<\/a><\/div>\n<div title=\"Page 156\"><a href=\"http:\/\/rubato.cz\/?p=1851\">Guy Standing \u2014 Prekari\u00e1t. Nov\u00e1 nebezpe\u010dn\u00e1 t\u0159\u00edda<\/a><\/div>\n<div title=\"Page 156\"><a title=\"Um\u011bn\u00ed protestu (Filip Posp\u00ed\u0161il ed.)\" href=\"http:\/\/rubato.cz\/?p=144\">Um\u011bn\u00ed protestu (Filip Posp\u00ed\u0161il ed.)<\/a><\/div>\n<div title=\"Page 156\"><a title=\"Gianni Vattimo \u2014 Transparentn\u00ed spole\u010dnost\" href=\"http:\/\/rubato.cz\/?p=138\">Gianni Vattimo \u2014 Transparentn\u00ed spole\u010dnost<\/a><\/div>\n<div title=\"Page 156\"><a href=\"http:\/\/rubato.cz\/?p=1273\">Frank Whitford \u2014 Bauhaus<\/a><\/div>\n<div title=\"Page 156\"><a href=\"http:\/\/rubato.cz\/?p=1700\">Stanis\u0142aw Ignacy Witkiewicz \u2014 Narkotika<\/a><\/div>\n<div title=\"Page 156\"><\/div>\n<\/div>\n<div title=\"Page 156\">\n<div style=\"text-align: left;\" title=\"Page 156\">\n<hr \/>\n<\/div>\n<div style=\"text-align: left;\" title=\"Page 156\">rubato \/\u00a0singolare<\/div>\n<div title=\"Page 156\"><a href=\"http:\/\/rubato.cz\/?p=2334\">Bez sl\u00e1vy a fanf\u00e1r: aneb p\u0159ev\u00e1\u017en\u011b kni\u017en\u00ed \u00fapravce Milan Kop\u0159iva <\/a><a href=\"http:\/\/rubato.cz\/?p=2334\">(Jaroslav Tvrdo\u0148 ed.)<\/a><\/div>\n<div title=\"Page 156\"><a href=\"http:\/\/rubato.cz\/?p=1991\">Pavel B\u00fcchler &amp; Karel Haloun \u2014 O um\u011bn\u00ed, zjednodu\u0161en\u011b \u0159e\u010deno<\/a><\/div>\n<div title=\"Page 156\"><a href=\"http:\/\/rubato.cz\/?p=1877\">Energein: Petru Rezkovi k jednasedmdes\u00e1t\u00fdm narozenin\u00e1m<\/a><\/div>\n<div style=\"text-align: left;\" title=\"Page 156\"><a href=\"http:\/\/rubato.cz\/?p=1598\">Jarmila Glazarov\u00e1 \u2014 De\u0161tn\u00fd prales, Kongo, Pygmejov\u00e9 a jin\u00e9 pr\u00e1ce<\/a><\/div>\n<div title=\"Page 156\"><a title=\"Anton\u00edn Kos\u00edk \u2013 Insistence\" href=\"http:\/\/rubato.cz\/?p=1474\">Anton\u00edn Kos\u00edk \u2014 Insistence<\/a><\/div>\n<div title=\"Page 156\"><a href=\"http:\/\/rubato.cz\/?p=2145\">David Pizinger \u2014 Paradise NOW: aneb revoluce v um\u011bn\u00ed, Pa\u0159\u00ed\u017ei a Avignonu<\/a><\/div>\n<div title=\"Page 156\"><a href=\"http:\/\/rubato.cz\/?p=1969\">Roman Rops-T\u016fma \u2014 Putin<\/a><\/div>\n<div title=\"Page 156\"><a href=\"http:\/\/rubato.cz\/?p=2235\">S. d. Ch. \u2014 Filma\u0159sk\u00e1 trilogie<\/a><\/div>\n<div title=\"Page 156\"><a href=\"http:\/\/rubato.cz\/?p=2392\">S. d. Ch. \u2014 Havlov\u00e1clavsk\u00e1 trilogie<\/a><\/div>\n<div title=\"Page 156\"><a href=\"http:\/\/rubato.cz\/?p=1887\">S. d. Ch. \u2014 Idiot d\u00fdch\u00e1<\/a><\/div>\n<div title=\"Page 156\"><a href=\"http:\/\/rubato.cz\/?p=1770\">S. d. Ch. \u2014 Kniha Tut\u00e1\u010d<\/a><\/div>\n<div title=\"Page 156\"><a href=\"http:\/\/rubato.cz\/?p=2208\">S. d. Ch. \u2014 Metafyzick\u00e1 trilogie<\/a><\/div>\n<div title=\"Page 156\"><a href=\"http:\/\/rubato.cz\/?p=2118\">S. d. Ch. \u2014 Tut\u00e1\u010dovy miliony<\/a><\/div>\n<div title=\"Page 156\"><a href=\"http:\/\/rubato.cz\/?p=2698\">S. d. Ch. \u2014 V\u011b\u010dn\u00fd Tut\u00e1\u010d<\/a><\/div>\n<div style=\"text-align: left;\" title=\"Page 156\"><a href=\"http:\/\/rubato.cz\/?p=1709\">Sr\u00e1\u010d Sam \u2014 Strach m\u00e9ho mu\u017ee<\/a><\/div>\n<div title=\"Page 156\"><a class=\"row-title\" href=\"http:\/\/rubato.cz\/?p=2349\" aria-label=\"\u201cLubo\u0161 Svoboda \u2014 Koleje jsou pevn\u011b p\u0159ibit\u00e9 k vid\u011bn\u00ed\u201d (Edit)\">Lubo\u0161 Svoboda \u2014 Koleje jsou pevn\u011b p\u0159ibit\u00e9 k vid\u011bn\u00ed<\/a><\/div>\n<div title=\"Page 156\">\n<div><a href=\"http:\/\/rubato.cz\/?p=2221\">Petr \u0160m\u00edd \u2014 D\u011bjiny sv\u011bta<\/a><\/div>\n<\/div>\n<\/div>\n<div title=\"Page 156\">\n<div title=\"Page 156\">\n<hr \/>\n<\/div>\n<div title=\"Page 156\">\n<div style=\"text-align: left;\" title=\"Page 156\">rubato \/ trentadue<\/div>\n<div style=\"text-align: left;\" title=\"Page 156\"><a title=\"S.d.Ch \u2014 Fantom Morgalu (edice Trentadue, svazek 1)\" href=\"http:\/\/rubato.cz\/?p=148\">S. d. Ch. \u2014 Fantom Morgalu\u00a0(svazek 1)<\/a><\/div>\n<div style=\"text-align: left;\" title=\"Page 156\"><a title=\"Michal Jurza \u2014 Evangelium zlo\u0159\u00e1du\" href=\"http:\/\/rubato.cz\/?p=622\">Michal Jurza \u2014 Evangelium zlo\u0159\u00e1du\u00a0(svazek 2)<\/a><\/div>\n<div style=\"text-align: left;\" title=\"Page 156\"><a title=\"Petr Steiner \u2013 V\u00e1clav Havel a invaze do Ir\u00e1ku \/se st\u00e1l\u00fdm z\u0159etelem k sov\u011btsk\u00e9 okupaci \u010ceskoslovenska 1968\/\" href=\"http:\/\/rubato.cz\/?p=774\">Petr Steiner \u2014\u00a0V\u00e1clav Havel a invaze do Ir\u00e1ku \/se st\u00e1l\u00fdm z\u0159etelem k sov\u011btsk\u00e9 okupaci \u010ceskoslovenska 1968\/ (svazek 3)<\/a><\/div>\n<div style=\"text-align: left;\" title=\"Page 156\"><a title=\"Van\u00ed\u010dek a Rops \u2013 XXV. v\u00fdro\u010d\u00ed\" href=\"http:\/\/rubato.cz\/?p=849\">Van\u00ed\u010dek a Rops-T\u016fma \u2014 XXV. v\u00fdro\u010d\u00ed (svazek 4)<\/a><\/div>\n<div style=\"text-align: left;\" title=\"Page 156\"><a title=\"S. d. Ch. \u2013 Divadeln\u00ed Brno\" href=\"http:\/\/rubato.cz\/?p=862\">S. d. Ch. \u2014 Divadeln\u00ed Brno (svazek 5)<\/a><\/div>\n<div style=\"text-align: left;\" title=\"Page 156\"><a href=\"http:\/\/rubato.cz\/?p=1207\">Liter\u00e1rn\u011b-provozn\u00ed trilogie (svazek 6)<\/a><\/div>\n<div style=\"text-align: left;\" title=\"Page 156\"><a href=\"http:\/\/rubato.cz\/?p=1402\">S. d. Ch. \u2014 Dokonalost (svazek 7)<\/a><\/div>\n<div style=\"text-align: left;\" title=\"Page 156\"><a href=\"http:\/\/rubato.cz\/?p=1620\">S. d. Ch. \u2014 Parid\u016fv soud v Brn\u011b (svazek 8)<\/a><\/div>\n<div style=\"text-align: left;\" title=\"Page 156\">\n<hr \/>\n<\/div>\n<div style=\"text-align: left;\" title=\"Page 156\">rubato \/ plak\u00e1tov\u00e1 kniha<\/div>\n<div style=\"text-align: left;\" title=\"Page 156\"><a title=\"S.d.Ch. \u2013 Uskute\u010dn\u011bn\u00e1 debata\" href=\"http:\/\/rubato.cz\/?p=915\">S. d. Ch. &amp; Rubato \u2014\u00a0Uskute\u010dn\u011bn\u00e1 debata (mal\u00e1 divadeln\u00ed hra z liter\u00e1rn\u00edho prost\u0159ed\u00ed)<\/a><\/div>\n<div style=\"text-align: left;\" title=\"Page 156\"><a title=\"Tom\u00e1\u0161 Schejbal \u2013 Socialismus nebo smrt\" href=\"http:\/\/rubato.cz\/?p=1026\">Tom\u00e1\u0161 Schejbal \u2014\u00a0Socialismus nebo smrt<\/a><\/div>\n<div style=\"text-align: left;\" title=\"Page 156\"><a title=\"\u017d\u00e1d\u00e1me smrt (manifest sur\/realismu)\" href=\"http:\/\/rubato.cz\/?p=1068\">\u017d\u00e1d\u00e1me smrt (manifest sur\/realismu)<\/a><\/div>\n<div style=\"text-align: left;\" title=\"Page 156\">\n<hr \/>\n<\/div>\n<div style=\"text-align: left;\" title=\"Page 156\">rubato \/ obr\u00e1zkov\u00e1\u00a0kniha<\/div>\n<div style=\"text-align: left;\" title=\"Page 156\"><a href=\"http:\/\/rubato.cz\/?p=1279\">S. d. Ch. &amp; Roman Rops-T\u016fma \u2014 N\u00e1\u0161 sv\u011bt \u010dili Atlas kapitalismu<\/a><\/div>\n<div style=\"text-align: left;\" title=\"Page 156\"><a href=\"http:\/\/rubato.cz\/?p=1532\">Prvn\u00ed kniha Gybotu<\/a><\/div>\n<\/div>\n<\/div>\n<div style=\"text-align: left;\" title=\"Page 156\"><\/div>\n<div title=\"Page 156\">\n<div title=\"Page 156\">\n<div style=\"text-align: left;\" title=\"Page 156\">\n<hr \/>\n<\/div>\n<div style=\"text-align: center;\" title=\"Page 156\">P\u0159ipravujeme<\/div>\n<div style=\"text-align: left;\" title=\"Page 156\">\n<hr \/>\n<\/div>\n<div style=\"text-align: left;\" title=\"Page 156\">\n<div title=\"Page 156\">Fritz von Herzmanovsky\u00ad-Orlando \u2013 Ma\u0161kar\u00e1da g\u00e9ni\u016f (Maskenspiel der Genien, 1968). P\u0159eklad Ingeborg Fialov\u00e1.<\/div>\n<div title=\"Page 156\">\n<div class=\"elementToProof\"><span class=\"ContentPasted0\">Gh\u00e9rasi<\/span><span class=\"ContentPasted0\">m Luca <span class=\"ContentPasted1\"><span class=\"ContentPasted2\"><span class=\"ContentPasted3\"><span class=\"ContentPasted4\"><span class=\"ContentPasted5\"><span class=\"ContentPasted6\">\u2014<\/span><\/span><\/span><\/span><\/span><\/span><\/span><span class=\"ContentPasted0\"><span class=\"ContentPasted10\">\u00a0<\/span><\/span>Lov slov. P\u0159eklad Petr Janus.<\/div>\n<div>\n<div>Jukio Mi\u0161ima \u2013 Spla\u0161en\u00ed kon\u011b (\u5954\u99ac Honba, 1969). P\u0159eklad Igor Cima.<\/div>\n<div>Jukio Mi\u0161ima \u2013 Chr\u00e1m \u00fasvitu (\u6681\u306e\u5bfa Akacuki no tera, 1970). P\u0159eklad Igor Cima.<\/div>\n<div>Jukio Mi\u0161ima \u2013 P\u011bt znamen\u00ed \u00fapadku and\u011bla (\u5929\u4eba\u4e94\u8870 Tennin gosui, 1971). P\u0159eklad Igor Cima.<\/div>\n<\/div>\n<div class=\"elementToProof\"><span class=\"ContentPasted0\"><span class=\"ContentPasted1\"><span class=\"ContentPasted8\">Milan N\u00e1pravn\u00edk <span class=\"ContentPasted2\"><span class=\"ContentPasted3\"><span class=\"ContentPasted4\"><span class=\"ContentPasted5\"><span class=\"ContentPasted6\">\u2014<\/span><\/span><\/span><\/span><\/span> Resum\u00e9 o zb\u011bsilosti.<\/span><\/span><\/span><\/div>\n<div class=\"elementToProof\"><span class=\"ContentPasted0\"><span class=\"ContentPasted1\"><span class=\"ContentPasted2\"><span class=\"ContentPasted3\"><span class=\"ContentPasted4\"><span class=\"ContentPasted5\"><span class=\"ContentPasted6\">Vitomil Zupan \u2014 Leviatan (<\/span><span class=\"ContentPasted6\">Levitan<\/span><span class=\"ContentPasted6\">, 1982). P\u0159eklad Anju\u0161a Belehar a Petr Janus.<\/span><\/span><\/span><\/span><\/span><\/span><\/span><\/div>\n<\/div>\n<div title=\"Page 156\">\n<div style=\"text-align: left;\" title=\"Page 156\">\n<hr \/>\n<\/div>\n<div style=\"text-align: left;\" title=\"Page 156\"><\/div>\n<\/div>\n<\/div>\n<div style=\"text-align: left;\" title=\"Page 156\"><\/div>\n<div style=\"text-align: left;\" title=\"Page 156\"><\/div>\n<div style=\"text-align: left;\" title=\"Page 156\">\n<\/div>\n<\/div>\n<\/div>\n","protected":false},"excerpt":{"rendered":"<p>Vydali jsme rubato \/ pr\u00f3za Roberto Arlt \u2014\u00a0Sedm bl\u00e1zn\u016f Kjell Askildsen \u2014 Otev\u0159en\u00e1 pust\u00e1 krajina Hugo Ball \u2014 Flametti aneb O dandysmu chud\u00fdch Hugo Ball \u2014 Tenderenda fantasta Hugo Ball \u2014 \u00dat\u011bk z doby Antonio di Benedetto \u2014\u00a0Sebevrazi Antonio di Benedetto \u2014 Ti\u0161itel Antonio di Benedetto \u2014 Zama Maurice Blanchot \u2014 Temn\u00fd Tom\u00e1\u0161 Flann O&#8217;Brien [&hellip;]<\/p>\n","protected":false},"author":1,"featured_media":0,"parent":0,"menu_order":0,"comment_status":"open","ping_status":"open","template":"","meta":{"footnotes":""},"class_list":["post-21","page","type-page","status-publish","hentry"],"_links":{"self":[{"href":"http:\/\/rubato.cz\/index.php?rest_route=\/wp\/v2\/pages\/21","targetHints":{"allow":["GET"]}}],"collection":[{"href":"http:\/\/rubato.cz\/index.php?rest_route=\/wp\/v2\/pages"}],"about":[{"href":"http:\/\/rubato.cz\/index.php?rest_route=\/wp\/v2\/types\/page"}],"author":[{"embeddable":true,"href":"http:\/\/rubato.cz\/index.php?rest_route=\/wp\/v2\/users\/1"}],"replies":[{"embeddable":true,"href":"http:\/\/rubato.cz\/index.php?rest_route=%2Fwp%2Fv2%2Fcomments&post=21"}],"version-history":[{"count":385,"href":"http:\/\/rubato.cz\/index.php?rest_route=\/wp\/v2\/pages\/21\/revisions"}],"predecessor-version":[{"id":2745,"href":"http:\/\/rubato.cz\/index.php?rest_route=\/wp\/v2\/pages\/21\/revisions\/2745"}],"wp:attachment":[{"href":"http:\/\/rubato.cz\/index.php?rest_route=%2Fwp%2Fv2%2Fmedia&parent=21"}],"curies":[{"name":"wp","href":"https:\/\/api.w.org\/{rel}","templated":true}]}}